{"id":957,"date":"2016-07-15T14:20:10","date_gmt":"2016-07-15T14:20:10","guid":{"rendered":"http:\/\/test.kriesi.at\/enfold-medical\/?page_id=957"},"modified":"2025-04-18T12:28:20","modified_gmt":"2025-04-18T12:28:20","slug":"la-nostra-azienda","status":"publish","type":"page","link":"https:\/\/ragogna.diversa-mente.com\/index.php\/la-nostra-azienda\/","title":{"rendered":"La nostra azienda"},"content":{"rendered":"<div id='av-layout-grid-1'  class='av-layout-grid-container av-m9mrm7eh-b7bb84b4e62042d7c5e26b65f25d7d29 entry-content-wrapper main_color av-flex-cells  avia-builder-el-0  el_before_av_layout_row  avia-builder-el-first   container_wrap sidebar_right'  >\n\n<style type=\"text\/css\" data-created_by=\"avia_inline_auto\" id=\"style-css-av-av_cell_one_third-c34e239e3a2ef032953f6149a990d2e0\">\n.flex_cell.av-av_cell_one_third-c34e239e3a2ef032953f6149a990d2e0{\nvertical-align:middle;\nheight:50px;\nmin-height:50px;\nbackground-color:#cbbba0;\n}\n.responsive #top #wrap_all .flex_cell.av-av_cell_one_third-c34e239e3a2ef032953f6149a990d2e0{\npadding:80px 50px 80px 50px !important;\n}\n<\/style>\n<div class='flex_cell av-av_cell_one_third-c34e239e3a2ef032953f6149a990d2e0 av-gridrow-cell av_one_third no_margin  avia-builder-el-1  el_before_av_cell_one_third  avia-builder-el-first  content-align-middle avia-full-stretch'  ><div class='flex_cell_inner'>\n<style type=\"text\/css\" data-created_by=\"avia_inline_auto\" id=\"style-css-av-av_animated_numbers-804cdf2896b952787cc39845333151bd\">\n.avia-animated-number.av-av_animated_numbers-804cdf2896b952787cc39845333151bd .avia-animated-number-icon.avia-svg-icon svg:first-child{\nfill:#ffffff;\nstroke:#ffffff;\n}\n#top .avia-animated-number.av-av_animated_numbers-804cdf2896b952787cc39845333151bd .avia-animated-number-title{\nfont-size:34px;\ncolor:#ffffff;\n}\n#top .avia-animated-number.av-av_animated_numbers-804cdf2896b952787cc39845333151bd .avia-animated-number-content{\nfont-size:20px;\ncolor:#ffffff;\n}\n<\/style>\n<div  class=\"avia-animated-number av-av_animated_numbers-804cdf2896b952787cc39845333151bd av-force-default-color avia_animate_when_visible  avia-builder-el-2  avia-builder-el-no-sibling  avia-color-font-custom \" data-timer=\"3000\"><strong class=\"heading avia-animated-number-title\"><span class=\"avia-no-number\">Oltre <\/span><span class=\"avia-single-number __av-single-number\" data-number_format=\"\" data-number=\"30\" data-start_from=\"0\">30<\/span><span class=\"avia-no-number\"> anni<\/span><\/strong><div class=\"avia-animated-number-content\"><p>d&#8217;esperienza<\/p>\n<\/div><\/div>\n<\/div><\/div>\n<style type=\"text\/css\" data-created_by=\"avia_inline_auto\" id=\"style-css-av-av_cell_one_third-d14fa6cc3167140974d59ee3130d7a5e\">\n.flex_cell.av-av_cell_one_third-d14fa6cc3167140974d59ee3130d7a5e{\nvertical-align:middle;\nheight:50px;\nmin-height:50px;\nbackground-color:#7b6a58;\n}\n.responsive #top #wrap_all .flex_cell.av-av_cell_one_third-d14fa6cc3167140974d59ee3130d7a5e{\npadding:80px 50px 80px 50px !important;\n}\n<\/style>\n<div class='flex_cell av-av_cell_one_third-d14fa6cc3167140974d59ee3130d7a5e av-gridrow-cell av_one_third no_margin  avia-builder-el-3  el_after_av_cell_one_third  el_before_av_cell_one_third  content-align-middle avia-full-stretch'  ><div class='flex_cell_inner'>\n<style type=\"text\/css\" data-created_by=\"avia_inline_auto\" id=\"style-css-av-av_animated_numbers-38ae748a5e1a51ef628c7d0953094360\">\n.avia-animated-number.av-av_animated_numbers-38ae748a5e1a51ef628c7d0953094360 .avia-animated-number-icon.avia-svg-icon svg:first-child{\nfill:#ffffff;\nstroke:#ffffff;\n}\n#top .avia-animated-number.av-av_animated_numbers-38ae748a5e1a51ef628c7d0953094360 .avia-animated-number-title{\nfont-size:34px;\ncolor:#ffffff;\n}\n#top .avia-animated-number.av-av_animated_numbers-38ae748a5e1a51ef628c7d0953094360 .avia-animated-number-content{\nfont-size:20px;\ncolor:#ffffff;\n}\n<\/style>\n<div  class=\"avia-animated-number av-av_animated_numbers-38ae748a5e1a51ef628c7d0953094360 av-force-default-color avia_animate_when_visible  avia-builder-el-4  avia-builder-el-no-sibling  avia-color-font-custom \" data-timer=\"3000\"><strong class=\"heading avia-animated-number-title\"><span class=\"avia-single-number __av-single-number\" data-number_format=\"\" data-number=\"25\" data-start_from=\"0\">25<\/span><span class=\"avia-no-number\"> Million $<\/span><\/strong><div class=\"avia-animated-number-content\"><p>Research Budget<\/p>\n<\/div><\/div>\n<\/div><\/div>\n<style type=\"text\/css\" data-created_by=\"avia_inline_auto\" id=\"style-css-av-av_cell_one_third-c34e239e3a2ef032953f6149a990d2e0\">\n.flex_cell.av-av_cell_one_third-c34e239e3a2ef032953f6149a990d2e0{\nvertical-align:middle;\nheight:50px;\nmin-height:50px;\nbackground-color:#cbbba0;\n}\n.responsive #top #wrap_all .flex_cell.av-av_cell_one_third-c34e239e3a2ef032953f6149a990d2e0{\npadding:80px 50px 80px 50px !important;\n}\n<\/style>\n<div class='flex_cell av-av_cell_one_third-c34e239e3a2ef032953f6149a990d2e0 av-gridrow-cell av_one_third no_margin  avia-builder-el-5  el_after_av_cell_one_third  avia-builder-el-last  content-align-middle avia-full-stretch'  ><div class='flex_cell_inner'>\n<style type=\"text\/css\" data-created_by=\"avia_inline_auto\" id=\"style-css-av-av_animated_numbers-ec3d17157a13362e442b6ef1bdeb08f5\">\n.avia-animated-number.av-av_animated_numbers-ec3d17157a13362e442b6ef1bdeb08f5 .avia-animated-number-icon.avia-svg-icon svg:first-child{\nfill:#ffffff;\nstroke:#ffffff;\n}\n#top .avia-animated-number.av-av_animated_numbers-ec3d17157a13362e442b6ef1bdeb08f5 .avia-animated-number-title{\nfont-size:34px;\ncolor:#ffffff;\n}\n#top .avia-animated-number.av-av_animated_numbers-ec3d17157a13362e442b6ef1bdeb08f5 .avia-animated-number-content{\nfont-size:20px;\ncolor:#ffffff;\n}\n<\/style>\n<div  class=\"avia-animated-number av-av_animated_numbers-ec3d17157a13362e442b6ef1bdeb08f5 av-force-default-color avia_animate_when_visible  avia-builder-el-6  avia-builder-el-no-sibling  avia-color-font-custom \" data-timer=\"3000\"><strong class=\"heading avia-animated-number-title\"><span class=\"avia-single-number __av-single-number\" data-number_format=\"\" data-number=\"255\" data-start_from=\"0\">255<\/span><span class=\"avia-no-number\">.<\/span><span class=\"avia-single-number __av-single-number\" data-number_format=\"\" data-number=\"000\" data-start_from=\"0\">000<\/span><\/strong><div class=\"avia-animated-number-content\"><p>Patients healed<\/p>\n<\/div><\/div>\n<\/div><\/div>\n<\/div>\n<div id='av-layout-grid-2'  class='av-layout-grid-container av-7nloit-e72050b3d3ff953846ab6646d65aebad entry-content-wrapper main_color av-flex-cells  avia-builder-el-7  el_after_av_layout_row  el_before_av_layout_row  grid-row-not-first  container_wrap sidebar_right'  >\n\n<style type=\"text\/css\" data-created_by=\"avia_inline_auto\" id=\"style-css-av-7iksy5-379599b2d94940e3a8ba343177bf9cca\">\n.flex_cell.av-7iksy5-379599b2d94940e3a8ba343177bf9cca{\nvertical-align:middle;\nheight:500px;\nmin-height:500px;\nbackground:url(https:\/\/ragogna.diversa-mente.com\/wp-content\/uploads\/2025\/04\/WhatsApp-Image-2025-03-12-at-17.14.32.jpeg) 0% 0% no-repeat scroll ;\n}\n.responsive #top #wrap_all .flex_cell.av-7iksy5-379599b2d94940e3a8ba343177bf9cca{\npadding:0px 0px 0px 0px !important;\n}\n<\/style>\n<div class='flex_cell av-7iksy5-379599b2d94940e3a8ba343177bf9cca av-gridrow-cell av_one_third no_margin  avia-builder-el-8  el_before_av_cell_two_third  avia-builder-el-first  content-align-middle av-zero-padding avia-full-stretch'  ><div class='flex_cell_inner'><\/div><\/div>\n<style type=\"text\/css\" data-created_by=\"avia_inline_auto\" id=\"style-css-av-7eaf2t-023f180bc665d02c78a2c65e3cb3373e\">\n.flex_cell.av-7eaf2t-023f180bc665d02c78a2c65e3cb3373e{\nvertical-align:middle;\nheight:500px;\nmin-height:500px;\nbackground-color:#2f221b;\n}\n.responsive #top #wrap_all .flex_cell.av-7eaf2t-023f180bc665d02c78a2c65e3cb3373e{\npadding:80px 80px 80px 80px !important;\n}\n<\/style>\n<div class='flex_cell av-7eaf2t-023f180bc665d02c78a2c65e3cb3373e av-gridrow-cell av_two_third no_margin  avia-builder-el-9  el_after_av_cell_one_third  avia-builder-el-last  content-align-middle'  ><div class='flex_cell_inner'><p>\n<style type=\"text\/css\" data-created_by=\"avia_inline_auto\" id=\"style-css-av-75pazp-5edbc0877ac2a95498721dfd80aea77c\">\n#top .av-special-heading.av-75pazp-5edbc0877ac2a95498721dfd80aea77c{\npadding-bottom:25px;\ncolor:#ffffff;\nfont-size:34px;\n}\nbody .av-special-heading.av-75pazp-5edbc0877ac2a95498721dfd80aea77c .av-special-heading-tag .heading-char{\nfont-size:25px;\n}\n#top #wrap_all .av-special-heading.av-75pazp-5edbc0877ac2a95498721dfd80aea77c .av-special-heading-tag{\nfont-size:34px;\n}\n.av-special-heading.av-75pazp-5edbc0877ac2a95498721dfd80aea77c .special-heading-inner-border{\nborder-color:#ffffff;\n}\n.av-special-heading.av-75pazp-5edbc0877ac2a95498721dfd80aea77c .av-subheading{\nfont-size:15px;\n}\n\n@media only screen and (min-width: 480px) and (max-width: 767px){ \n#top #wrap_all .av-special-heading.av-75pazp-5edbc0877ac2a95498721dfd80aea77c .av-special-heading-tag{\nfont-size:0.8em;\n}\n}\n\n@media only screen and (max-width: 479px){ \n#top #wrap_all .av-special-heading.av-75pazp-5edbc0877ac2a95498721dfd80aea77c .av-special-heading-tag{\nfont-size:0.8em;\n}\n}\n<\/style>\n<div  class='av-special-heading av-75pazp-5edbc0877ac2a95498721dfd80aea77c av-special-heading-h3 custom-color-heading blockquote modern-quote  avia-builder-el-10  el_before_av_textblock  avia-builder-el-first  av-inherit-size'><div class='av_custom_color av-subheading av-subheading_above'><p>L&#8217;azienda<\/p>\n<\/div><h3 class='av-special-heading-tag '  itemprop=\"headline\"  >Esperienza e Affidabilit\u00e0 al Tuo Servizio<\/h3><div class=\"special-heading-border\"><div class=\"special-heading-inner-border\"><\/div><\/div><\/div><br \/>\n\n<style type=\"text\/css\" data-created_by=\"avia_inline_auto\" id=\"style-css-av-72sk5p-781079a25085e0d7b4c6d845f0d58210\">\n#top .av_textblock_section.av-72sk5p-781079a25085e0d7b4c6d845f0d58210 .avia_textblock{\ncolor:#ffffff;\n}\n<\/style>\n<section  class='av_textblock_section av-72sk5p-781079a25085e0d7b4c6d845f0d58210 '   itemscope=\"itemscope\" itemtype=\"https:\/\/schema.org\/CreativeWork\" ><div class='avia_textblock av_inherit_color'  itemprop=\"text\" ><p>Da oltre trent\u2019anni, <strong data-start=\"389\" data-end=\"410\">Ragogna Trasporti<\/strong> \u00e8 sinonimo di professionalit\u00e0, affidabilit\u00e0 e precisione nel settore dei traslochi e dei trasporti speciali. L\u2019azienda, con sede nel cuore del Friuli Venezia Giulia, \u00e8 specializzata in trasporti complessi e delicati, come quelli di pianoforti, casseforti, fotocopiatrici e materiali pesanti, sia a livello nazionale che europeo. Con un parco mezzi moderno e attrezzature all\u2019avanguardia, siamo in grado di gestire ogni fase del trasporto con massima sicurezza, puntualit\u00e0 e cura dei dettagli.<\/p>\n<\/div><\/section><\/p>\n<\/div><\/div>\n<\/div>\n<div id='av-layout-grid-3'  class='av-layout-grid-container av-1rsc6d-fdcb6eae35a22be49a70a9cecbd0412d entry-content-wrapper main_color av-flex-cells  avia-builder-el-12  el_after_av_layout_row  el_before_av_layout_row  grid-row-not-first  container_wrap sidebar_right'  >\n\n<style type=\"text\/css\" data-created_by=\"avia_inline_auto\" id=\"style-css-av-1m8j9x-12f6aebb917016c90f97cfea68c25af4\">\n.flex_cell.av-1m8j9x-12f6aebb917016c90f97cfea68c25af4{\nvertical-align:middle;\nheight:500px;\nmin-height:500px;\nbackground-color:#7b6a58;\n}\n.responsive #top #wrap_all .flex_cell.av-1m8j9x-12f6aebb917016c90f97cfea68c25af4{\npadding:80px 80px 80px 80px !important;\n}\n<\/style>\n<div class='flex_cell av-1m8j9x-12f6aebb917016c90f97cfea68c25af4 av-gridrow-cell av_two_third no_margin  avia-builder-el-13  el_before_av_cell_one_third  avia-builder-el-first  content-align-middle'  ><div class='flex_cell_inner'><p>\n<style type=\"text\/css\" data-created_by=\"avia_inline_auto\" id=\"style-css-av-1gor59-09e71c354eaa941a582220ed4651ac0e\">\n#top .av-special-heading.av-1gor59-09e71c354eaa941a582220ed4651ac0e{\npadding-bottom:25px;\ncolor:#ffffff;\nfont-size:34px;\n}\nbody .av-special-heading.av-1gor59-09e71c354eaa941a582220ed4651ac0e .av-special-heading-tag .heading-char{\nfont-size:25px;\n}\n#top #wrap_all .av-special-heading.av-1gor59-09e71c354eaa941a582220ed4651ac0e .av-special-heading-tag{\nfont-size:34px;\n}\n.av-special-heading.av-1gor59-09e71c354eaa941a582220ed4651ac0e .special-heading-inner-border{\nborder-color:#ffffff;\n}\n.av-special-heading.av-1gor59-09e71c354eaa941a582220ed4651ac0e .av-subheading{\nfont-size:15px;\n}\n\n@media only screen and (min-width: 480px) and (max-width: 767px){ \n#top #wrap_all .av-special-heading.av-1gor59-09e71c354eaa941a582220ed4651ac0e .av-special-heading-tag{\nfont-size:0.8em;\n}\n}\n\n@media only screen and (max-width: 479px){ \n#top #wrap_all .av-special-heading.av-1gor59-09e71c354eaa941a582220ed4651ac0e .av-special-heading-tag{\nfont-size:0.8em;\n}\n}\n<\/style>\n<div  class='av-special-heading av-1gor59-09e71c354eaa941a582220ed4651ac0e av-special-heading-h3 custom-color-heading blockquote modern-quote  avia-builder-el-14  el_before_av_textblock  avia-builder-el-first  av-inherit-size'><div class='av_custom_color av-subheading av-subheading_above'><p>La Nostra Storia<\/p>\n<\/div><h3 class='av-special-heading-tag '  itemprop=\"headline\"  >Dal 1990, Trasportiamo Emozioni<\/h3><div class=\"special-heading-border\"><div class=\"special-heading-inner-border\"><\/div><\/div><\/div><br \/>\n\n<style type=\"text\/css\" data-created_by=\"avia_inline_auto\" id=\"style-css-av-19psf9-1953f9e701aa725a0c7f0a585657b82c\">\n#top .av_textblock_section.av-19psf9-1953f9e701aa725a0c7f0a585657b82c .avia_textblock{\ncolor:#ffffff;\n}\n<\/style>\n<section  class='av_textblock_section av-19psf9-1953f9e701aa725a0c7f0a585657b82c '   itemscope=\"itemscope\" itemtype=\"https:\/\/schema.org\/CreativeWork\" ><div class='avia_textblock av_inherit_color'  itemprop=\"text\" ><p>Fondata nel 1990, Ragogna Trasporti nasce dall\u2019intuizione e dalla passione del titolare, con l\u2019obiettivo di offrire un servizio \u201cchiavi in mano\u201d che sollevi il cliente da ogni pensiero. Da subito ci siamo distinti per la capacit\u00e0 di occuparci di ogni aspetto del trasloco: dall\u2019imballaggio all\u2019uso di autoscale, dal montaggio mobili alle modifiche su misura. Negli anni abbiamo ampliato i nostri servizi, collaborando con enti pubblici e aziende, e diventando un punto di riferimento anche nel settore della logistica integrata.<\/p>\n<\/div><\/section><\/p>\n<\/div><\/div>\n<style type=\"text\/css\" data-created_by=\"avia_inline_auto\" id=\"style-css-av-13kty5-73e2ef5c1772cf0922dc24b2ba154baf\">\n.flex_cell.av-13kty5-73e2ef5c1772cf0922dc24b2ba154baf{\nvertical-align:middle;\nheight:500px;\nmin-height:500px;\nbackground:url(https:\/\/ragogna.diversa-mente.com\/wp-content\/uploads\/2025\/04\/WhatsApp-Image-2025-03-12-at-17.09.18-1.jpeg) 50% 50% no-repeat scroll #22689e;\n}\n.responsive #top #wrap_all .flex_cell.av-13kty5-73e2ef5c1772cf0922dc24b2ba154baf{\npadding:0px 0px 0px 0px !important;\n}\n<\/style>\n<div class='flex_cell av-13kty5-73e2ef5c1772cf0922dc24b2ba154baf av-gridrow-cell av_one_third no_margin  avia-builder-el-16  el_after_av_cell_two_third  avia-builder-el-last  content-align-middle av-zero-padding avia-full-stretch'  ><div class='flex_cell_inner'><\/div><\/div>\n<\/div>\n<div id='av-layout-grid-4'  class='av-layout-grid-container av-z5k5h-79e57def437082f51fc43fe3365862c9 entry-content-wrapper main_color av-flex-cells  avia-builder-el-17  el_after_av_layout_row  avia-builder-el-last  grid-row-not-first  container_wrap sidebar_right'  >\n\n<style type=\"text\/css\" data-created_by=\"avia_inline_auto\" id=\"style-css-av-ojmx9-f7d3b47b0c723e38911c29bb1c11ac03\">\n.flex_cell.av-ojmx9-f7d3b47b0c723e38911c29bb1c11ac03{\nvertical-align:middle;\nheight:500px;\nmin-height:500px;\nbackground:url(https:\/\/ragogna.diversa-mente.com\/wp-content\/uploads\/2025\/04\/42967e9f-2d15-4fa1-9013-6cec59f1d2ad.jpg) 0% 0% no-repeat scroll #22689e;\n}\n.responsive #top #wrap_all .flex_cell.av-ojmx9-f7d3b47b0c723e38911c29bb1c11ac03{\npadding:0px 0px 0px 0px !important;\n}\n<\/style>\n<div class='flex_cell av-ojmx9-f7d3b47b0c723e38911c29bb1c11ac03 av-gridrow-cell av_one_third no_margin  avia-builder-el-18  el_before_av_cell_two_third  avia-builder-el-first  content-align-middle av-zero-padding avia-full-stretch'  ><div class='flex_cell_inner'><\/div><\/div>\n<style type=\"text\/css\" data-created_by=\"avia_inline_auto\" id=\"style-css-av-nniad-eef8b8e9f07cd89d828019300e184b96\">\n.flex_cell.av-nniad-eef8b8e9f07cd89d828019300e184b96{\nvertical-align:middle;\nheight:500px;\nmin-height:500px;\nbackground-color:#cbbba0;\n}\n.responsive #top #wrap_all .flex_cell.av-nniad-eef8b8e9f07cd89d828019300e184b96{\npadding:80px 80px 80px 80px !important;\n}\n<\/style>\n<div class='flex_cell av-nniad-eef8b8e9f07cd89d828019300e184b96 av-gridrow-cell av_two_third no_margin  avia-builder-el-19  el_after_av_cell_one_third  avia-builder-el-last  content-align-middle'  ><div class='flex_cell_inner'><p>\n<style type=\"text\/css\" data-created_by=\"avia_inline_auto\" id=\"style-css-av-hkexx-a54b2554a1d86b4403b29f2e6a5fd984\">\n#top .av-special-heading.av-hkexx-a54b2554a1d86b4403b29f2e6a5fd984{\npadding-bottom:25px;\ncolor:#ffffff;\nfont-size:34px;\n}\nbody .av-special-heading.av-hkexx-a54b2554a1d86b4403b29f2e6a5fd984 .av-special-heading-tag .heading-char{\nfont-size:25px;\n}\n#top #wrap_all .av-special-heading.av-hkexx-a54b2554a1d86b4403b29f2e6a5fd984 .av-special-heading-tag{\nfont-size:34px;\n}\n.av-special-heading.av-hkexx-a54b2554a1d86b4403b29f2e6a5fd984 .special-heading-inner-border{\nborder-color:#ffffff;\n}\n.av-special-heading.av-hkexx-a54b2554a1d86b4403b29f2e6a5fd984 .av-subheading{\nfont-size:15px;\n}\n\n@media only screen and (min-width: 480px) and (max-width: 767px){ \n#top #wrap_all .av-special-heading.av-hkexx-a54b2554a1d86b4403b29f2e6a5fd984 .av-special-heading-tag{\nfont-size:0.8em;\n}\n}\n\n@media only screen and (max-width: 479px){ \n#top #wrap_all .av-special-heading.av-hkexx-a54b2554a1d86b4403b29f2e6a5fd984 .av-special-heading-tag{\nfont-size:0.8em;\n}\n}\n<\/style>\n<div  class='av-special-heading av-hkexx-a54b2554a1d86b4403b29f2e6a5fd984 av-special-heading-h3 custom-color-heading blockquote modern-quote  avia-builder-el-20  el_before_av_textblock  avia-builder-el-first  av-inherit-size'><div class='av_custom_color av-subheading av-subheading_above'><p>La Nostra Filosofia<\/p>\n<\/div><h3 class='av-special-heading-tag '  itemprop=\"headline\"  >Cura, Passione e Musica<\/h3><div class=\"special-heading-border\"><div class=\"special-heading-inner-border\"><\/div><\/div><\/div><br \/>\n\n<style type=\"text\/css\" data-created_by=\"avia_inline_auto\" id=\"style-css-av-7sv2t-7c0587408cb9096e8f45b17faff64882\">\n#top .av_textblock_section.av-7sv2t-7c0587408cb9096e8f45b17faff64882 .avia_textblock{\ncolor:#ffffff;\n}\n<\/style>\n<section  class='av_textblock_section av-7sv2t-7c0587408cb9096e8f45b17faff64882 '   itemscope=\"itemscope\" itemtype=\"https:\/\/schema.org\/CreativeWork\" ><div class='avia_textblock av_inherit_color'  itemprop=\"text\" ><p>Crediamo che un trasporto ben fatto non sia solo questione di tecnica, ma anche di sensibilit\u00e0. Per questo ci siamo specializzati nel <strong data-start=\"1698\" data-end=\"1725\">trasporto di pianoforti<\/strong> a coda, verticali e gran coda, servendo teatri prestigiosi come la Fenice di Venezia e il Teatro Verdi di Trieste, oltre a conservatori e costruttori come <strong data-start=\"1881\" data-end=\"1903\">Fazioli Pianoforti<\/strong>. La nostra filosofia \u00e8 semplice: <strong data-start=\"1937\" data-end=\"2018\">mettere il benessere del cliente e l\u2019amore per la bellezza al centro di tutto<\/strong>. Dal 2023 organizziamo anche eventi musicali, come concerti all\u2019alba e performance con gong, perch\u00e9 crediamo che anche un trasloco possa essere un viaggio emozionante verso un mondo migliore.<\/p>\n<\/div><\/section><\/p>\n<\/div><\/div>\n<\/div>\n","protected":false},"excerpt":{"rendered":"","protected":false},"author":1,"featured_media":0,"parent":0,"menu_order":0,"comment_status":"closed","ping_status":"closed","template":"","meta":{"footnotes":""},"class_list":["post-957","page","type-page","status-publish","hentry"],"_links":{"self":[{"href":"https:\/\/ragogna.diversa-mente.com\/index.php\/wp-json\/wp\/v2\/pages\/957","targetHints":{"allow":["GET"]}}],"collection":[{"href":"https:\/\/ragogna.diversa-mente.com\/index.php\/wp-json\/wp\/v2\/pages"}],"about":[{"href":"https:\/\/ragogna.diversa-mente.com\/index.php\/wp-json\/wp\/v2\/types\/page"}],"author":[{"embeddable":true,"href":"https:\/\/ragogna.diversa-mente.com\/index.php\/wp-json\/wp\/v2\/users\/1"}],"replies":[{"embeddable":true,"href":"https:\/\/ragogna.diversa-mente.com\/index.php\/wp-json\/wp\/v2\/comments?post=957"}],"version-history":[{"count":8,"href":"https:\/\/ragogna.diversa-mente.com\/index.php\/wp-json\/wp\/v2\/pages\/957\/revisions"}],"predecessor-version":[{"id":1234,"href":"https:\/\/ragogna.diversa-mente.com\/index.php\/wp-json\/wp\/v2\/pages\/957\/revisions\/1234"}],"wp:attachment":[{"href":"https:\/\/ragogna.diversa-mente.com\/index.php\/wp-json\/wp\/v2\/media?parent=957"}],"curies":[{"name":"wp","href":"https:\/\/api.w.org\/{rel}","templated":true}]}}